{"id":156,"date":"2021-04-24T14:36:25","date_gmt":"2021-04-24T12:36:25","guid":{"rendered":"https:\/\/physio-schoen.de\/physio_wp\/?page_id=156"},"modified":"2021-04-24T15:04:10","modified_gmt":"2021-04-24T13:04:10","slug":"impressum","status":"publish","type":"page","link":"https:\/\/physio-schoen.de\/?page_id=156","title":{"rendered":"Impressum"},"content":{"rendered":"<div id=\"pl-156\"  class=\"panel-layout\" ><div id=\"pg-156-0\"  class=\"panel-grid panel-no-style\" ><div id=\"pgc-156-0-0\"  class=\"panel-grid-cell panel-grid-cell-empty\" ><\/div><div id=\"pgc-156-0-1\"  class=\"panel-grid-cell panel-grid-cell-mobile-last\" ><div id=\"panel-156-0-1-0\" class=\"so-panel widget widget_sow-headline panel-first-child\" data-index=\"0\" ><div\n\t\t\t\n\t\t\tclass=\"so-widget-sow-headline so-widget-sow-headline-default-ea0af4cf39ae-156\"\n\t\t\t\n\t\t><div class=\"sow-headline-container \">\n\t\t\t\t\t\t\t<h1 class=\"sow-headline\">\n\t\t\t\t\t\tImpressum\t\t\t\t\t\t<\/h1>\n\t\t\t\t\t\t\t\t\t\t\t<div class=\"decoration\">\n\t\t\t\t\t\t<div class=\"decoration-inside\"><\/div>\n\t\t\t\t\t<\/div>\n\t\t\t\t\t<\/div>\n<\/div><\/div><div id=\"panel-156-0-1-1\" class=\"so-panel widget widget_sow-editor panel-last-child\" data-index=\"1\" ><div\n\t\t\t\n\t\t\tclass=\"so-widget-sow-editor so-widget-sow-editor-base\"\n\t\t\t\n\t\t>\n<div class=\"siteorigin-widget-tinymce textwidget\">\n\t<p>Physiotherapie Schoen<br \/>\nPraxis f\u00fcr Physiotherapie<\/p>\n<p>Theeser Heide 2<br \/>\n33739 Bielefeld<\/p>\n<p>Tel.: <a href=\"tel:+4952198852975\">+49 (0)521 98852975<\/a><br \/>\nE-Mail: info@physio-schoen.de<br \/>\nGesch\u00e4ftsf\u00fchrer:<br \/>\nThomas Schoen<\/p>\n<p>Registergericht:<br \/>\nAmtsgericht Bielefeld<\/p>\n<p>Redaktionell Verantwortlicher nach \u00a7 5 TMG:<br \/>\nThomas Schoen<br \/>\nHaftungshinweis:<br \/>\nTrotz sorgf\u00e4ltiger inhaltlicher Kontrolle \u00fcbernehmen wir keine Haftung f\u00fcr die Inhalte externer Links. F\u00fcr den Inhalt der verlinkten Seiten sind ausschlie\u00dflich deren Betreiber verantwortlich.<br \/>\n\u00a9 2021 Physiotherapie Schoen<\/p>\n<p>Alle Rechte vorbehalten. Die Texte und Abbildungen einschlie\u00dflich der Anordnung auf dieser Website sind urheberrechtlich gesch\u00fctzt. Die auf ihr wiedergegebenen Informationen, Tabellen, Bilder sowie Ausz\u00fcge aus B\u00fcchern, Zeitungen und Zeitschriften unterliegen zudem teilweise dem Urheberrecht Dritter. Die Texte und Bilder auf dieser Website dienen als Angebot der Physiotherapie Schoen ausschlie\u00dflich der pers\u00f6nlichen Information des Nutzers. Die Physiotherapie Schoen hat alle Angaben und Bestandteile dieser Website nach bestem Wissen und Gewissen zusammengestellt.<br \/>\nDennoch haftet sie nicht f\u00fcr die Vollst\u00e4ndigkeit, Richtigkeit, Aktualit\u00e4t und technische Exaktheit der auf dieser Website bereitgestellten Informationen. Die Nutzung erfolgt auf eigenes Risiko. Eine Haftung f\u00fcr die Inanspruchnahme der Website oder deren Nichtverf\u00fcgbarkeit wird nicht \u00fcbernommen. Dies gilt auch f\u00fcr Folgesch\u00e4den. Alle Daten genie\u00dfen nach \u00a7 4 und \u00a7\u00a7 87a ff. Urhebergesetz urheberrechtlichen Schutz. Jede dar\u00fcber hinaus gehende Bearbeitung, Vervielf\u00e4ltigung, Verbreitung und\/oder \u00f6ffentliche Wiedergabe \u00fcberschreitet die \u00fcbliche Nutzung und stellt einen Urheberrechtsversto\u00df dar, der strafrechtlich verfolgt wird und zum Schadensersatz verpflichtet.<br \/>\nSoweit Inhalte und Bestandteile dieser Website mit schriftlicher Genehmigung durch die Physiotherapie Schoen zul\u00e4ssigerweise gespeichert, vervielf\u00e4ltigt oder verbreitet werden, muss auf das Urheberrecht der Physiotherapie Schoen hingewiesen werden.<\/p>\n<\/div>\n<\/div><\/div><\/div><div id=\"pgc-156-0-2\"  class=\"panel-grid-cell panel-grid-cell-empty\" ><\/div><\/div><\/div>","protected":false},"excerpt":{"rendered":"<p>Physiotherapie Schoen Praxis f\u00fcr Physiotherapie Theeser Heide 2 33739 Bielefeld Tel.: +49 (0)521 98852975 E-Mail: info@physio-schoen.de Gesch\u00e4ftsf\u00fchrer: Thomas Schoen Registergericht: Amtsgericht Bielefeld Redaktionell Verantwortlicher nach \u00a7 5 TMG: Thomas Schoen Haftungshinweis: Trotz sorgf\u00e4ltiger inhaltlicher Kontrolle \u00fcbernehmen wir keine Haftung f\u00fcr die Inhalte externer Links. F\u00fcr den Inhalt der verlinkten Seiten sind ausschlie\u00dflich deren Betreiber verantwortlich. <a class=\"more-link\" href=\"https:\/\/physio-schoen.de\/?page_id=156\">weiterlesen&#8230;<\/a><\/p>\n","protected":false},"author":1,"featured_media":0,"parent":0,"menu_order":0,"comment_status":"closed","ping_status":"closed","template":"","meta":{"footnotes":""},"class_list":["post-156","page","type-page","status-publish","hentry"],"_links":{"self":[{"href":"https:\/\/physio-schoen.de\/index.php?rest_route=\/wp\/v2\/pages\/156","targetHints":{"allow":["GET"]}}],"collection":[{"href":"https:\/\/physio-schoen.de\/index.php?rest_route=\/wp\/v2\/pages"}],"about":[{"href":"https:\/\/physio-schoen.de\/index.php?rest_route=\/wp\/v2\/types\/page"}],"author":[{"embeddable":true,"href":"https:\/\/physio-schoen.de\/index.php?rest_route=\/wp\/v2\/users\/1"}],"replies":[{"embeddable":true,"href":"https:\/\/physio-schoen.de\/index.php?rest_route=%2Fwp%2Fv2%2Fcomments&post=156"}],"version-history":[{"count":6,"href":"https:\/\/physio-schoen.de\/index.php?rest_route=\/wp\/v2\/pages\/156\/revisions"}],"predecessor-version":[{"id":168,"href":"https:\/\/physio-schoen.de\/index.php?rest_route=\/wp\/v2\/pages\/156\/revisions\/168"}],"wp:attachment":[{"href":"https:\/\/physio-schoen.de\/index.php?rest_route=%2Fwp%2Fv2%2Fmedia&parent=156"}],"curies":[{"name":"wp","href":"https:\/\/api.w.org\/{rel}","templated":true}]}}