{"id":3,"date":"2020-06-30T08:42:14","date_gmt":"2020-06-30T06:42:14","guid":{"rendered":"https:\/\/physio-schoen.de\/physio_wp\/?page_id=3"},"modified":"2021-04-24T15:03:54","modified_gmt":"2021-04-24T13:03:54","slug":"datenschutzerklaerung","status":"publish","type":"page","link":"https:\/\/physio-schoen.de\/?page_id=3","title":{"rendered":"Datenschutzerkl\u00e4rung"},"content":{"rendered":"<div id=\"pl-3\"  class=\"panel-layout\" ><div id=\"pg-3-0\"  class=\"panel-grid panel-no-style\" ><div id=\"pgc-3-0-0\"  class=\"panel-grid-cell panel-grid-cell-empty\" ><\/div><div id=\"pgc-3-0-1\"  class=\"panel-grid-cell panel-grid-cell-mobile-last\" ><div id=\"panel-3-0-1-0\" class=\"so-panel widget widget_sow-headline panel-first-child\" data-index=\"0\" ><div\n\t\t\t\n\t\t\tclass=\"so-widget-sow-headline so-widget-sow-headline-default-ea0af4cf39ae-3\"\n\t\t\t\n\t\t><div class=\"sow-headline-container \">\n\t\t\t\t\t\t\t<h1 class=\"sow-headline\">\n\t\t\t\t\t\tDatenschutzerkl\u00e4rung\t\t\t\t\t\t<\/h1>\n\t\t\t\t\t\t\t\t\t\t\t<div class=\"decoration\">\n\t\t\t\t\t\t<div class=\"decoration-inside\"><\/div>\n\t\t\t\t\t<\/div>\n\t\t\t\t\t<\/div>\n<\/div><\/div><div id=\"panel-3-0-1-1\" class=\"so-panel widget widget_sow-editor panel-last-child\" data-index=\"1\" ><div\n\t\t\t\n\t\t\tclass=\"so-widget-sow-editor so-widget-sow-editor-base\"\n\t\t\t\n\t\t>\n<div class=\"siteorigin-widget-tinymce textwidget\">\n\t<p><!-- wp:heading --><\/p>\n<div id=\"container\">\n<div id=\"main\" class=\"main\">\n<div class=\"inside clearfix\">\n<div id=\"service-datenschutz\" class=\"mod_article first last block\">\n<section class=\"ce_colsetStart subcolumns colcount_2 yaml3 col-50x50\">\n<div class=\"c50l col_1 first\">\n<div class=\"subcl\">\n<h3 class=\"ce_headline\">Physiotherapie Thomas Schoen zum Thema Datenschutz<\/h3>\n<div class=\"ce_text block\">\n<p>Der Schutz der Privatsph\u00e4re ist, insbesondere f\u00fcr die Zukunft internetbasierter Gesch\u00e4ftsmodelle und f\u00fcr die Entwicklung einer internetbasierten Wirtschaft, von entscheidender Bedeutung. Daher wollen wir mit dieser Erkl\u00e4rung zum Datenschutz unser Engagement f\u00fcr den Schutz Ihrer Privatsph\u00e4re unterstreichen.<\/p>\n<p>Unsere Mitarbeiter sowie die von uns beauftragten Dienstleistungsunternehmen sind durch uns zur Verschwiegenheit und zur Einhaltung der Bestimmungen des Bundesdatenschutzgesetzes und sonstiger relevanter Datenschutzbestimmungen verpflichtet.<\/p>\n<p>Wir nehmen den Schutz Ihrer personenbezogenen Daten sehr ernst und halten uns strikt an die Regeln der Datenschutzgesetze.<\/p>\n<p>Zur Erl\u00e4uterung: \u201ePersonenbezogene Daten\u201c sind nach der Definition des Bundesdatenschutzgesetzes Informationen \u00fcber pers\u00f6nliche oder sachliche Verh\u00e4ltnisse einer bestimmten oder bestimmbaren nat\u00fcrlichen Person. Dazu z\u00e4hlen zum Beispiel Ihr Name, Ihre geografische Adresse, Ihre Kontonummer, Ihre E-Mail-Adresse sowie Ihre IP-Adresse.<\/p>\n<p>Die nachfolgende Erkl\u00e4rung gibt Ihnen einen \u00dcberblick dar\u00fcber, wie wir diesen Schutz gew\u00e4hrleisten wollen.<\/p>\n<\/div>\n<h3 class=\"ce_headline\">Verwendung und Weitergabe personenbezogener Daten<\/h3>\n<div class=\"ce_text block\">\n<p>Personenbezogene Daten, die Sie uns \u00fcber unsere Webseite oder auf anderem Wege mitteilen, werden zur Korrespondenz mit Ihnen und f\u00fcr die Zwecke erhoben, verarbeitet und gespeichert, zu dem Sie uns die Daten zur Verf\u00fcgung gestellt haben. Dar\u00fcber hinaus werden wir diese Daten gegebenenfalls f\u00fcr gelegentliche Angebote an Sie nutzen und um Sie \u00fcber neue Produkte oder Dienstleistungen und andere Sie eventuell interessierende Leistungen zu informieren. Sie k\u00f6nnen dieser Nutzung Ihrer Daten jederzeit durch geeignete Mitteilung, zum Beispiel durch eine Mail an info@physio-schoen.de, widersprechen.<\/p>\n<p>Bei Bedarf werden Informationen von uns auch an die mit Betreiber verbundenen Unternehmen, Dienstleister oder andere Dritte weitergegeben. Das kann erforderlich sein, um eine von Ihnen gew\u00fcnschte Dienstleistung oder Transaktion zu erbringen, wie zum Beispiel Bestellabwicklungen, Veranstaltungs- und Seminaranmeldungen durchzuf\u00fchren, zu Zwecken des Kundenservice oder um Sie \u00fcber Services oder Produkte zu informieren.<\/p>\n<p>Bei der Weitergabe pers\u00f6nlicher Daten an Dritte beschr\u00e4nken wir uns auf diejenigen Informationen, die zur Erbringung unserer jeweiligen Dienstleistungen n\u00f6tig sind. Der jeweilige Drittanbieter darf diese pers\u00f6nlichen Daten ausschlie\u00dflich zur Erbringung der angeforderten Dienstleistung oder der Durchf\u00fchrung der notwendigen Transaktion, die in unserem Auftrag geschieht, verwenden. Die Dienstleister werden dabei durch uns auf die Einhaltung der Datenschutzgesetze verpflichtet. Ihre pers\u00f6nlichen Daten werden durch uns niemals zu fremden Marketingzwecken an Dritte weitergegeben, ver\u00e4u\u00dfert oder in sonstiger Weise zur Verf\u00fcgung gestellt.<\/p>\n<\/div>\n<h3 class=\"ce_headline\">Datenverarbeitung auf dieser Internetseite<\/h3>\n<div class=\"ce_text block\">\n<p>Der Betreiber verarbeitet aus Sicherheits- und technischen Gr\u00fcnden automatisch in ihren Systemprotokollen Informationen, die Ihr Browser an uns \u00fcbermittelt. Diese sind im Wesentlichen:<\/p>\n<\/div>\n<div class=\"ce_list block\">\n<ul>\n<li class=\"first\">IP-Adresse (ggf. personenbezogen)<\/li>\n<li>Name der abgerufenen Datei<\/li>\n<li>Datum und Uhrzeit des Abrufs<\/li>\n<li>\u00fcbertragene Datenmenge<\/li>\n<li>Meldung, ob der Abruf erfolgreich war<\/li>\n<li>Meldung, warum ein Abruf ggf. fehlgeschlagen ist<\/li>\n<li>der Name Ihres Internet Service Providers<\/li>\n<li>Browserinformationen (z. B. Browserart, Bildschirmaufl\u00f6sung)<\/li>\n<li>Betriebssystem<\/li>\n<li class=\"last\">Website, von der aus Sie uns besuchen.<\/li>\n<\/ul>\n<\/div>\n<\/div>\n<\/div>\n<div class=\"ce_colsetPart c50r col_2 last\">\n<div class=\"subcr\">\n<h3 class=\"ce_headline\">Cookies<\/h3>\n<div class=\"ce_text block\">\n<p>Unsere Internetseiten verwenden an mehreren Stellen sogenannte Cookies. Cookies sind kleine Textdateien, die auf Ihrem Rechner abgelegt werden und die Ihr Browser speichert. Sie dienen dazu, unser Angebot nutzerfreundlicher, effektiver und sicherer zu machen. So gew\u00e4hrleisten sie zum Beispiel die technische Realisierung einer Benutzersitzung f\u00fcr einen passwortgesch\u00fctzten Downloadbereich. Gleichzeitig erhalten wir \u00fcber diese Cookies Informationen, die es uns erm\u00f6glichen, unsere Webseiten auf die Bed\u00fcrfnisse der Besucher zu optimieren.<\/p>\n<p>Die meisten der von uns verwendeten Cookies sind sogenannte \u201eSession-Cookies\u201c. Sie werden nach Ende Ihres Besuchs automatisch gel\u00f6scht. Zum Teil werden jedoch auch Cookies mit l\u00e4ngerer Speicherdauer eingesetzt. Die maximale Speicherdauer eines Cookies kann bis zu einem Jahr betragen.<\/p>\n<p>S\u00e4mtliche Cookies auf unseren Webseiten beinhalten rein technische Informationen in pseudoanonymisierter oder anonymisierter Form, sie beinhalten keine personenbezogenen Daten.<\/p>\n<p>M\u00f6chten Sie das Speichern von Cookies verhindern, m\u00fcssen Sie in Ihren Browser-Einstellungen \u201ckeine Cookies akzeptieren\u201d ausw\u00e4hlen. Wenn keine Cookies vom Browser akzeptiert werden, kann der Funktionsumfang unseres Internetangebots jedoch sehr stark eingeschr\u00e4nkt sein. Einige Funktionen stehen dann nicht mehr zur Verf\u00fcgung.<\/p>\n<\/div>\n<h3 class=\"ce_headline\">Erg\u00e4nzende Hinweise zur Verwendung und Weitergabe personenbezogener Daten<\/h3>\n<div class=\"ce_text block\">\n<p>Der Betreiber kann gezwungen sein, Ihre Daten und zugeh\u00f6rige Informationen auf gerichtliche oder beh\u00f6rdliche Anordnung offenzulegen. Ebenso behalten wir uns vor, Ihre Daten zur Geltendmachung von oder Verteidigung gegen Rechtsanspr\u00fcche zu verwenden. In \u00dcbereinstimmung mit geltendem Recht behalten wir uns zudem die anlassbezogene Speicherung und Weitergabe personenbezogener und anderer Daten zur Aufdeckung und Bek\u00e4mpfung illegaler Handlungen, Betrugsversuche oder einer Verletzungen der Nutzungsbedingungen des Betreibers vor.<\/p>\n<\/div>\n<h3 class=\"ce_headline\">Sichere Kommunikation im Internet<\/h3>\n<div class=\"ce_text block\">\n<p>Wir sind bem\u00fcht, Ihre personenbezogenen Daten durch Ergreifung technischer und organisatorischer Ma\u00dfnahmen so zu \u00fcbermitteln und zu speichern, dass sie f\u00fcr Dritte nicht zug\u00e4nglich sind.<\/p>\n<p>Allgemein gilt jedoch das Internet als unsicheres Medium. Im Gegensatz zum Beispiel zur Telefonleitung kann eine \u00dcbermittlung von Daten im Internet durch unberechtigte Dritte leichter abgeh\u00f6rt, aufgezeichnet oder gar ver\u00e4ndert werden.<\/p>\n<\/div>\n<h3 class=\"ce_headline\">Aktualisierung dieser Datenschutzerkl\u00e4rung<\/h3>\n<div class=\"ce_text block\">\n<p>Soweit der Betreiber neue Produkte oder Dienstleistungen einf\u00fchrt, Internet-Verfahren \u00e4ndert oder wenn sich die Internet- und EDV- Sicherheitstechnik weiterentwickelt, ist die Datenschutzerkl\u00e4rung zu aktualisieren. Wir behalten uns deshalb das Recht vor, die Erkl\u00e4rung nach Bedarf zu \u00e4ndern oder zu erg\u00e4nzen. Die \u00c4nderung werden wir an dieser Stelle ver\u00f6ffentlichen.<\/p>\n<\/div>\n<h3 class=\"ce_headline\">Auskunftsrecht \/ L\u00f6schung und \u00c4nderung personenbezogener Daten<\/h3>\n<div class=\"ce_text block\">\n<p>Wenn Sie Fragen haben, die Ihnen diese Datenschutzerkl\u00e4rung nicht beantworten konnte oder wenn Sie zu einem Punkt vertiefte Informationen w\u00fcnschen, k\u00f6nnen Sie sich gerne an uns wenden.<\/p>\n<p>Sollten Sie mit der Speicherung Ihrer personenbezogenen Daten nicht mehr einverstanden oder diese unrichtig geworden sein, werden wir auf Ihre entsprechende Weisung hin im Rahmen der gesetzlichen Bestimmungen die Korrektur, Sperrung oder L\u00f6schung Ihrer Daten veranlassen. Auf Wunsch erhalten Sie Auskunft \u00fcber die personenbezogenen Daten, die wir \u00fcber Sie gespeichert haben. Dazu wenden Sie sich bitte an:<\/p>\n<p><strong>Physio Schoen<\/strong><br \/>\nPraxis f\u00fcr Physiotherapie<\/p>\n<p>Theeser Heide 2, 33739 Bielefeld<\/p>\n<\/div>\n<div class=\"ce_list data block\">\n<ul>\n<li class=\"first\">Tel.: <a href=\"tel:+4952198852975\">+49 (0)521 98852975<\/a><\/li>\n<li class=\"last\">E-Mail: <a class=\"email\" href=\"mailto:info@physio-connect.de\">info@physio-schoen.de<\/a><\/li>\n<\/ul>\n<\/div>\n<\/div>\n<\/div>\n<\/section>\n<\/div>\n<\/div>\n<\/div>\n<\/div>\n<footer id=\"footer\"><\/footer>\n<p><!-- \/wp:heading --><\/p>\n<\/div>\n<\/div><\/div><\/div><div id=\"pgc-3-0-2\"  class=\"panel-grid-cell panel-grid-cell-empty\" ><\/div><\/div><\/div>","protected":false},"excerpt":{"rendered":"<p>Physiotherapie Thomas Schoen zum Thema Datenschutz Der Schutz der Privatsph\u00e4re ist, insbesondere f\u00fcr die Zukunft internetbasierter Gesch\u00e4ftsmodelle und f\u00fcr die Entwicklung einer internetbasierten Wirtschaft, von entscheidender Bedeutung. Daher wollen wir mit dieser Erkl\u00e4rung zum Datenschutz unser Engagement f\u00fcr den Schutz Ihrer Privatsph\u00e4re unterstreichen. Unsere Mitarbeiter sowie die von uns beauftragten Dienstleistungsunternehmen sind durch uns zur <a class=\"more-link\" href=\"https:\/\/physio-schoen.de\/?page_id=3\">weiterlesen&#8230;<\/a><\/p>\n","protected":false},"author":1,"featured_media":0,"parent":0,"menu_order":0,"comment_status":"closed","ping_status":"open","template":"","meta":{"footnotes":""},"class_list":["post-3","page","type-page","status-publish","hentry"],"_links":{"self":[{"href":"https:\/\/physio-schoen.de\/index.php?rest_route=\/wp\/v2\/pages\/3","targetHints":{"allow":["GET"]}}],"collection":[{"href":"https:\/\/physio-schoen.de\/index.php?rest_route=\/wp\/v2\/pages"}],"about":[{"href":"https:\/\/physio-schoen.de\/index.php?rest_route=\/wp\/v2\/types\/page"}],"author":[{"embeddable":true,"href":"https:\/\/physio-schoen.de\/index.php?rest_route=\/wp\/v2\/users\/1"}],"replies":[{"embeddable":true,"href":"https:\/\/physio-schoen.de\/index.php?rest_route=%2Fwp%2Fv2%2Fcomments&post=3"}],"version-history":[{"count":8,"href":"https:\/\/physio-schoen.de\/index.php?rest_route=\/wp\/v2\/pages\/3\/revisions"}],"predecessor-version":[{"id":166,"href":"https:\/\/physio-schoen.de\/index.php?rest_route=\/wp\/v2\/pages\/3\/revisions\/166"}],"wp:attachment":[{"href":"https:\/\/physio-schoen.de\/index.php?rest_route=%2Fwp%2Fv2%2Fmedia&parent=3"}],"curies":[{"name":"wp","href":"https:\/\/api.w.org\/{rel}","templated":true}]}}