{"id":6,"date":"2020-06-30T09:36:31","date_gmt":"2020-06-30T07:36:31","guid":{"rendered":"https:\/\/physio-schoen.de\/physio_wp\/?page_id=6"},"modified":"2025-12-15T07:10:27","modified_gmt":"2025-12-15T06:10:27","slug":"mainpage","status":"publish","type":"page","link":"https:\/\/physio-schoen.de\/","title":{"rendered":"Hauptseite"},"content":{"rendered":"<div id=\"pl-6\"  class=\"panel-layout\" ><div id=\"pg-6-0\"  class=\"panel-grid panel-has-style\" ><div class=\"panel-row-style panel-row-style-for-6-0\" ><div id=\"pgc-6-0-0\"  class=\"panel-grid-cell\" ><div id=\"panel-6-0-0-0\" class=\"so-panel widget widget_sow-editor panel-first-child panel-last-child\" data-index=\"0\" ><div\n\t\t\t\n\t\t\tclass=\"so-widget-sow-editor so-widget-sow-editor-base\"\n\t\t\t\n\t\t>\n<div class=\"siteorigin-widget-tinymce textwidget\">\n\t<div style=\"display: none;\" class=\"crellyslider-slider crellyslider-slider-full-width crellyslider-slider-mainslider crellyslider-1\" id=\"crellyslider-1\">\n<ul>\n<li\nstyle=\"\nbackground-color: transparent;\nbackground-image: url('https:\/\/physio-schoen.de\/wp-content\/uploads\/2025\/08\/TeamFoto-scaled.jpg');\nbackground-position: center center;\nbackground-repeat: no-repeat;\nbackground-size: cover;\n\n\"\ndata-in=\"fade\"\ndata-ease-in=\"300\"\ndata-out=\"fade\"\ndata-ease-out=\"300\"\ndata-time=\"5000\"\n>\n<\/li>\n<li\nstyle=\"\nbackground-color: transparent;\nbackground-image: url('https:\/\/physio-schoen.de\/wp-content\/uploads\/2025\/08\/Rezeption-scaled.jpg');\nbackground-position: center center;\nbackground-repeat: no-repeat;\nbackground-size: cover;\n\n\"\ndata-in=\"slideLeft\"\ndata-ease-in=\"300\"\ndata-out=\"slideLeft\"\ndata-ease-out=\"300\"\ndata-time=\"5000\"\n>\n<\/li>\n<li\nstyle=\"\nbackground-color: transparent;\nbackground-image: url('https:\/\/physio-schoen.de\/wp-content\/uploads\/2021\/04\/Slider2.jpg');\nbackground-position: center center;\nbackground-repeat: no-repeat;\nbackground-size: cover;\n\n\"\ndata-in=\"slideLeft\"\ndata-ease-in=\"300\"\ndata-out=\"slideLeft\"\ndata-ease-out=\"300\"\ndata-time=\"5000\"\n>\n<\/li>\n<li\nstyle=\"\nbackground-color: transparent;\nbackground-image: url('https:\/\/physio-schoen.de\/wp-content\/uploads\/2021\/04\/Slider4.jpg');\nbackground-position: center center;\nbackground-repeat: no-repeat;\nbackground-size: cover;\n\n\"\ndata-in=\"fade\"\ndata-ease-in=\"300\"\ndata-out=\"fade\"\ndata-ease-out=\"300\"\ndata-time=\"5000\"\n>\n<\/li>\n<li\nstyle=\"\nbackground-color: transparent;\nbackground-image: url('https:\/\/physio-schoen.de\/wp-content\/uploads\/2021\/04\/Slider6.jpg');\nbackground-position: center center;\nbackground-repeat: no-repeat;\nbackground-size: cover;\n\n\"\ndata-in=\"fade\"\ndata-ease-in=\"300\"\ndata-out=\"fade\"\ndata-ease-out=\"300\"\ndata-time=\"5000\"\n>\n<\/li>\n<li\nstyle=\"\nbackground-color: transparent;\nbackground-image: url('https:\/\/physio-schoen.de\/wp-content\/uploads\/2021\/04\/Slider7.jpg');\nbackground-position: center center;\nbackground-repeat: no-repeat;\nbackground-size: cover;\n\n\"\ndata-in=\"fade\"\ndata-ease-in=\"300\"\ndata-out=\"fade\"\ndata-ease-out=\"300\"\ndata-time=\"5000\"\n>\n<\/li>\n<\/ul>\n<\/div>\n<script type=\"text\/javascript\">\n(function($) {\n$(document).ready(function() {\n$(\"#crellyslider-1\").crellySlider({\nlayout: 'full-width',\nresponsive: 1,\nstartWidth: 1500,\nstartHeight: 800,\nautomaticSlide: 1,\nshowControls: 1,\nshowNavigation: 1,\nenableSwipe: 1,\nshowProgressBar: 1,\npauseOnHover: 1,\nrandomOrder: 0,\nstartFromSlide: 0,\nbeforeStart : function() {},\nbeforeSetResponsive : function() {},\nbeforeSlideStart : function() {},\nbeforePause\t: function() {},\nbeforeResume : function() {},\n});\n});\n})(jQuery);\n<\/script>\n\n<\/div>\n<\/div><\/div><\/div><\/div><\/div><div id=\"pg-6-1\"  class=\"panel-grid panel-no-style\" ><div id=\"pgc-6-1-0\"  class=\"panel-grid-cell panel-grid-cell-empty\" ><\/div><div id=\"pgc-6-1-1\"  class=\"panel-grid-cell panel-grid-cell-mobile-last\" ><div id=\"panel-6-1-1-0\" class=\"so-panel widget widget_sow-headline panel-first-child\" data-index=\"1\" ><div id=\"leistungen\" class=\"panel-widget-style panel-widget-style-for-6-1-1-0\" ><div\n\t\t\t\n\t\t\tclass=\"so-widget-sow-headline so-widget-sow-headline-default-87dbe4e31f6c-6\"\n\t\t\t\n\t\t><div class=\"sow-headline-container \">\n\t\t\t\t\t\t\t<h1 class=\"sow-headline\">\n\t\t\t\t\t\tUnsere Leistungen\t\t\t\t\t\t<\/h1>\n\t\t\t\t\t\t\t\t\t\t\t<div class=\"decoration\">\n\t\t\t\t\t\t<div class=\"decoration-inside\"><\/div>\n\t\t\t\t\t<\/div>\n\t\t\t\t\t<\/div>\n<\/div><\/div><\/div><div id=\"panel-6-1-1-1\" class=\"so-panel widget widget_sow-editor panel-last-child\" data-index=\"2\" ><div\n\t\t\t\n\t\t\tclass=\"so-widget-sow-editor so-widget-sow-editor-base\"\n\t\t\t\n\t\t>\n<div class=\"siteorigin-widget-tinymce textwidget\">\n\t<ul>\n<li>Manuelle Therapie (MT)<\/li>\n<li>Physiotherapie (KG)<\/li>\n<li>Klassische Massagetherapie (KMT)<\/li>\n<li>Manuelle Lymphdrainage (MLD)<\/li>\n<li>Craniomandibul\u00e4re Dysfunktion (CMD)<\/li>\n<li>Propriozeptive Neuromuskul\u00e4re Fazilitation (PNF)<\/li>\n<li>Neurophysiologische Behandlungstechnik nach Bobath f\u00fcr Erwachsene<\/li>\n<li>Krankengymnastik am Ger\u00e4t (KGG)<\/li>\n<li>Fasziendistorsionsmodell (FDM)<\/li>\n<li>W\u00e4rmeanwendung Fango\/Hei\u00dfluft<\/li>\n<li>Elektrotherapie (ET)<\/li>\n<li>Ultraschall (US)<\/li>\n<li>Schlingentisch<\/li>\n<li>Traktionsbehandlung<\/li>\n<li>Kinesio-Tape<\/li>\n<li>Hausbesuche<\/li>\n<\/ul>\n<\/div>\n<\/div><\/div><\/div><div id=\"pgc-6-1-2\"  class=\"panel-grid-cell panel-grid-cell-empty\" ><\/div><\/div><div id=\"pg-6-2\"  class=\"panel-grid panel-no-style\" ><div id=\"pgc-6-2-0\"  class=\"panel-grid-cell panel-grid-cell-empty\" ><\/div><div id=\"pgc-6-2-1\"  class=\"panel-grid-cell panel-grid-cell-mobile-last\" ><div id=\"panel-6-2-1-0\" class=\"so-panel widget widget_sow-headline panel-first-child panel-last-child\" data-index=\"3\" ><div id=\"team\" class=\"panel-widget-style panel-widget-style-for-6-2-1-0\" ><div\n\t\t\t\n\t\t\tclass=\"so-widget-sow-headline so-widget-sow-headline-default-87dbe4e31f6c-6\"\n\t\t\t\n\t\t><div class=\"sow-headline-container \">\n\t\t\t\t\t\t\t<h1 class=\"sow-headline\">\n\t\t\t\t\t\tTeam\t\t\t\t\t\t<\/h1>\n\t\t\t\t\t\t\t\t\t\t\t<div class=\"decoration\">\n\t\t\t\t\t\t<div class=\"decoration-inside\"><\/div>\n\t\t\t\t\t<\/div>\n\t\t\t\t\t<\/div>\n<\/div><\/div><\/div><\/div><div id=\"pgc-6-2-2\"  class=\"panel-grid-cell panel-grid-cell-empty\" ><\/div><\/div><div id=\"pg-6-3\"  class=\"panel-grid panel-no-style\" ><div id=\"pgc-6-3-0\"  class=\"panel-grid-cell panel-grid-cell-empty\" ><\/div><div id=\"pgc-6-3-1\"  class=\"panel-grid-cell panel-grid-cell-mobile-last\" ><div id=\"panel-6-3-1-0\" class=\"so-panel widget widget_sow-editor panel-first-child\" data-index=\"4\" ><div\n\t\t\t\n\t\t\tclass=\"so-widget-sow-editor so-widget-sow-editor-base\"\n\t\t\t\n\t\t>\n<div class=\"siteorigin-widget-tinymce textwidget\">\n\t<table style=\"border-collapse: collapse; border: 0px;\" border=\"0\">\n<tbody>\n<tr style=\"border: 0px;\">\n<td style=\"border: 0px; width: 50%; vertical-align: middle;\"><img decoding=\"async\" src=\"wp-content\/uploads\/2025\/08\/Thomas-Schoen-aligned-scaled.jpg\" \/><\/td>\n<td style=\"border: 0px; width: 50%; vertical-align: top;\">\n<h3 style=\"text-align: left;\">Thomas Schoen<\/h3>\n<p style=\"text-align: left;\"><strong>Physiotherapeut<\/strong><\/p>\n<p><em>Heilpraktiker (Physiotherapie)<\/em><\/p>\n<p style=\"text-align: left;\"><strong>Schwerpunkte<\/strong><\/p>\n<p>Manuelle Therapie (MT)<br \/>\nPhysiotherapie (KG)<br \/>\nKrankengymnastik Ger\u00e4t (KGG)<br \/>\nManuelle Lymphdrainage (MLD)<br \/>\nCraniomandibul\u00e4re Dysfunktion (CMD)<br \/>\nPropriozeptive Neuromuskul\u00e4re Fazilitation (PNF)<br \/>\nSpiraldynamik\u00ae Fachkraft Level Basic<br \/>\nFasziendistorsionsmodell (FDM)<\/td>\n<\/tr>\n<\/tbody>\n<\/table>\n<\/div>\n<\/div><\/div><div id=\"panel-6-3-1-1\" class=\"so-panel widget widget_sow-editor\" data-index=\"5\" ><div\n\t\t\t\n\t\t\tclass=\"so-widget-sow-editor so-widget-sow-editor-base\"\n\t\t\t\n\t\t>\n<div class=\"siteorigin-widget-tinymce textwidget\">\n\t<table style=\"border-collapse: collapse; border: 0px;\" border=\"0\">\n<tbody>\n<tr style=\"border: 0px;\">\n<td style=\"border: 0px; width: 50%; vertical-align: middle;\"><img decoding=\"async\" src=\"wp-content\/uploads\/2025\/08\/Lukas-Harms-aligned-scaled.jpg\" \/><\/td>\n<td style=\"border: 0px; width: 50%; vertical-align: top;\">\n<h3 style=\"text-align: left;\">Lukas Harms<\/h3>\n<p style=\"text-align: left;\"><strong>Physiotherapeut<\/strong><\/p>\n<p style=\"text-align: left;\"><strong>Schwerpunkte<\/strong><\/p>\n<p>Physiotherapie (KG)<br \/>\nManuelle Lymphdrainage (MLD)<br \/>\nManuelle Therapie (MT)<\/td>\n<\/tr>\n<\/tbody>\n<\/table>\n<\/div>\n<\/div><\/div><div id=\"panel-6-3-1-2\" class=\"so-panel widget widget_sow-editor\" data-index=\"6\" ><div\n\t\t\t\n\t\t\tclass=\"so-widget-sow-editor so-widget-sow-editor-base\"\n\t\t\t\n\t\t>\n<div class=\"siteorigin-widget-tinymce textwidget\">\n\t<table style=\"border-collapse: collapse; border: 0px;\" border=\"0\">\n<tbody>\n<tr style=\"border: 0px;\">\n<td style=\"border: 0px; width: 50%; vertical-align: middle;\"><img decoding=\"async\" src=\"wp-content\/uploads\/2025\/08\/Leon-Schoen-aligned-scaled.jpg\" \/><\/td>\n<td style=\"border: 0px; width: 50%; vertical-align: top;\">\n<h3 style=\"text-align: left;\">Leon Schoen<\/h3>\n<p style=\"text-align: left;\"><strong>Physiotherapeut<\/strong><\/p>\n<p style=\"text-align: left;\"><strong>Schwerpunkte<\/strong><\/p>\n<p>Physiotherapie (KG)<\/td>\n<\/tr>\n<\/tbody>\n<\/table>\n<\/div>\n<\/div><\/div><div id=\"panel-6-3-1-3\" class=\"so-panel widget widget_sow-editor\" data-index=\"7\" ><div\n\t\t\t\n\t\t\tclass=\"so-widget-sow-editor so-widget-sow-editor-base\"\n\t\t\t\n\t\t>\n<div class=\"siteorigin-widget-tinymce textwidget\">\n\t<table style=\"border-collapse: collapse; border: 0px;\" border=\"0\">\n<tbody>\n<tr style=\"border: 0px;\">\n<td style=\"border: 0px; width: 50%; vertical-align: middle;\"><img decoding=\"async\" src=\"wp-content\/uploads\/2025\/08\/Tyron-Jamal-Samba-aligned-scaled.jpg\" \/><\/td>\n<td style=\"border: 0px; width: 50%; vertical-align: top;\">\n<h3 style=\"text-align: left;\">Tyron Samba<\/h3>\n<p style=\"text-align: left;\"><strong>Physiotherapeut<\/strong><\/p>\n<p style=\"text-align: left;\"><strong>Schwerpunkte<\/strong><\/p>\n<p>Physiotherapie (KG)<\/td>\n<\/tr>\n<\/tbody>\n<\/table>\n<\/div>\n<\/div><\/div><div id=\"panel-6-3-1-4\" class=\"so-panel widget widget_sow-editor\" data-index=\"8\" ><div\n\t\t\t\n\t\t\tclass=\"so-widget-sow-editor so-widget-sow-editor-base\"\n\t\t\t\n\t\t>\n<div class=\"siteorigin-widget-tinymce textwidget\">\n\t<table style=\"border-collapse: collapse; border: 0px;\" border=\"0\">\n<tbody>\n<tr style=\"border: 0px;\">\n<td style=\"border: 0px; width: 50%; vertical-align: middle;\"><img decoding=\"async\" src=\"wp-content\/uploads\/2023\/09\/diosa.png\" \/><\/td>\n<td style=\"border: 0px; width: 50%; vertical-align: top;\">\n<h3 style=\"text-align: left;\">Remediosa Geske<\/h3>\n<p style=\"text-align: left;\">(z. Zt. in Elternzeit)<\/p>\n<p style=\"text-align: left;\"><strong>Physiotherapeutin<\/strong><\/p>\n<p style=\"text-align: left;\"><strong>Schwerpunkte<\/strong><\/p>\n<p>Physiotherapie (KG)<br \/>\nManuelle Lymphdrainage (MLD)<br \/>\nNeurophysiologische Behandlungstechnik nach Bobath f\u00fcr Erwachsene<\/td>\n<\/tr>\n<\/tbody>\n<\/table>\n<\/div>\n<\/div><\/div><div id=\"panel-6-3-1-5\" class=\"so-panel widget widget_sow-editor\" data-index=\"9\" ><div\n\t\t\t\n\t\t\tclass=\"so-widget-sow-editor so-widget-sow-editor-base\"\n\t\t\t\n\t\t>\n<div class=\"siteorigin-widget-tinymce textwidget\">\n\t<table style=\"border-collapse: collapse; border: 0px;\" border=\"0\">\n<tbody>\n<tr style=\"border: 0px;\">\n<td style=\"border: 0px; width: 50%; vertical-align: middle;\"><img decoding=\"async\" src=\"wp-content\/uploads\/2025\/09\/Jeannette-Schoen-aligned-scaled.jpg\" \/><\/td>\n<td style=\"border: 0px; width: 50%; vertical-align: top;\">\n<h3 style=\"text-align: left;\">Jeannette Schoen<\/h3>\n<p style=\"text-align: left;\"><strong>Kfm. Praxisleitung<\/strong><\/p>\n<p>Finanz- und Personalmanagement<\/td>\n<\/tr>\n<\/tbody>\n<\/table>\n<\/div>\n<\/div><\/div><div id=\"panel-6-3-1-6\" class=\"so-panel widget widget_sow-editor\" data-index=\"10\" ><div\n\t\t\t\n\t\t\tclass=\"so-widget-sow-editor so-widget-sow-editor-base\"\n\t\t\t\n\t\t>\n<div class=\"siteorigin-widget-tinymce textwidget\">\n\t<table style=\"border-collapse: collapse; border: 0px;\" border=\"0\">\n<tbody>\n<tr style=\"border: 0px;\">\n<td style=\"border: 0px; width: 50%; vertical-align: middle;\"><img decoding=\"async\" src=\"wp-content\/uploads\/2025\/08\/Hatida-Hanzic-aligned-scaled.jpg\" \/><\/td>\n<td style=\"border: 0px; width: 50%; vertical-align: top;\">\n<h3 style=\"text-align: left;\">Hatida Handzic<\/h3>\n<p style=\"text-align: left;\"><strong>Rezeption<\/strong><\/p>\n<\/td>\n<\/tr>\n<\/tbody>\n<\/table>\n<\/div>\n<\/div><\/div><div id=\"panel-6-3-1-7\" class=\"so-panel widget widget_sow-editor\" data-index=\"11\" ><div\n\t\t\t\n\t\t\tclass=\"so-widget-sow-editor so-widget-sow-editor-base\"\n\t\t\t\n\t\t>\n<div class=\"siteorigin-widget-tinymce textwidget\">\n\t<table style=\"border-collapse: collapse; border: 0px;\" border=\"0\">\n<tbody>\n<tr style=\"border: 0px;\">\n<td style=\"border: 0px; width: 50%; vertical-align: middle;\"><img decoding=\"async\" src=\"wp-content\/uploads\/2025\/08\/Nina-Boekstiegel-aligned-scaled.jpg\" \/><\/td>\n<td style=\"border: 0px; width: 50%; vertical-align: top;\">\n<h3 style=\"text-align: left;\">Nina Boekstiegel<\/h3>\n<p style=\"text-align: left;\"><strong>Rezeption<\/strong><\/p>\n<\/td>\n<\/tr>\n<\/tbody>\n<\/table>\n<\/div>\n<\/div><\/div><div id=\"panel-6-3-1-8\" class=\"so-panel widget widget_sow-editor\" data-index=\"12\" ><div\n\t\t\t\n\t\t\tclass=\"so-widget-sow-editor so-widget-sow-editor-base\"\n\t\t\t\n\t\t>\n<div class=\"siteorigin-widget-tinymce textwidget\">\n\t<table style=\"border-collapse: collapse; border: 0px;\" border=\"0\">\n<tbody>\n<tr style=\"border: 0px;\">\n<td style=\"border: 0px; width: 50%; vertical-align: middle;\"><img decoding=\"async\" src=\"wp-content\/uploads\/2023\/09\/stephan.png\" \/><\/td>\n<td style=\"border: 0px; width: 50%; vertical-align: top;\">\n<h3 style=\"text-align: left;\">Stephan Redecker<\/h3>\n<p style=\"text-align: left;\"><strong>Rezeption<\/strong><\/p>\n<\/td>\n<\/tr>\n<\/tbody>\n<\/table>\n<\/div>\n<\/div><\/div><div id=\"panel-6-3-1-9\" class=\"so-panel widget widget_sow-editor\" data-index=\"13\" ><div\n\t\t\t\n\t\t\tclass=\"so-widget-sow-editor so-widget-sow-editor-base\"\n\t\t\t\n\t\t>\n<div class=\"siteorigin-widget-tinymce textwidget\">\n\t<table style=\"border-collapse: collapse; border: 0px;\" border=\"0\">\n<tbody>\n<tr style=\"border: 0px;\">\n<td style=\"border: 0px; width: 50%; vertical-align: middle;\"><img decoding=\"async\" src=\"wp-content\/uploads\/2023\/09\/emily.png\" \/><\/td>\n<td style=\"border: 0px; width: 50%; vertical-align: top;\">\n<h3 style=\"text-align: left;\">Emily Schoen<\/h3>\n<p style=\"text-align: left;\"><strong>Rezeption<\/strong><\/p>\n<\/td>\n<\/tr>\n<\/tbody>\n<\/table>\n<\/div>\n<\/div><\/div><div id=\"panel-6-3-1-10\" class=\"so-panel widget widget_sow-editor panel-last-child\" data-index=\"14\" ><div\n\t\t\t\n\t\t\tclass=\"so-widget-sow-editor so-widget-sow-editor-base\"\n\t\t\t\n\t\t>\n<div class=\"siteorigin-widget-tinymce textwidget\">\n\t<table style=\"border-collapse: collapse; border: 0px;\" border=\"0\">\n<tbody>\n<tr style=\"border: 0px;\">\n<td style=\"border: 0px; width: 50%; vertical-align: middle;\"><img decoding=\"async\" src=\"wp-content\/uploads\/2025\/08\/Julia-Linnenbaum-aligned-scaled.jpg\" \/><\/td>\n<td style=\"border: 0px; width: 50%; vertical-align: top;\">\n<h3 style=\"text-align: left;\">Julia Linnenbaum<\/h3>\n<p style=\"text-align: left;\"><strong>Verwaltung<\/strong><\/p>\n<\/td>\n<\/tr>\n<\/tbody>\n<\/table>\n<\/div>\n<\/div><\/div><\/div><div id=\"pgc-6-3-2\"  class=\"panel-grid-cell panel-grid-cell-empty\" ><\/div><\/div><div id=\"pg-6-4\"  class=\"panel-grid panel-no-style\" ><div id=\"pgc-6-4-0\"  class=\"panel-grid-cell panel-grid-cell-empty\" ><\/div><div id=\"pgc-6-4-1\"  class=\"panel-grid-cell panel-grid-cell-mobile-last\" ><div id=\"panel-6-4-1-0\" class=\"so-panel widget widget_sow-headline panel-first-child\" data-index=\"15\" ><div id=\"kontakt\" class=\"panel-widget-style panel-widget-style-for-6-4-1-0\" ><div\n\t\t\t\n\t\t\tclass=\"so-widget-sow-headline so-widget-sow-headline-default-87dbe4e31f6c-6\"\n\t\t\t\n\t\t><div class=\"sow-headline-container \">\n\t\t\t\t\t\t\t<h1 class=\"sow-headline\">\n\t\t\t\t\t\tKontakt\t\t\t\t\t\t<\/h1>\n\t\t\t\t\t\t\t\t\t\t\t<div class=\"decoration\">\n\t\t\t\t\t\t<div class=\"decoration-inside\"><\/div>\n\t\t\t\t\t<\/div>\n\t\t\t\t\t<\/div>\n<\/div><\/div><\/div><div id=\"panel-6-4-1-1\" class=\"so-panel widget widget_sow-editor panel-last-child\" data-index=\"16\" ><div\n\t\t\t\n\t\t\tclass=\"so-widget-sow-editor so-widget-sow-editor-base\"\n\t\t\t\n\t\t>\n<div class=\"siteorigin-widget-tinymce textwidget\">\n\t<table style=\"max-width: 250px; border: 0px; border-collapse: collapse; float: left; margin: 20px;\" border=\"0\">\n<tbody>\n<tr>\n<td style=\"border-right: 0px; border-bottom: 0px;\" colspan=\"2\"><strong>Rezeptionszeiten<\/strong><\/td>\n<\/tr>\n<tr>\n<td>Mo.<\/td>\n<td style=\"border-right: 0px;\">8 - 20 Uhr<\/td>\n<\/tr>\n<tr>\n<td>Di.<\/td>\n<td style=\"border-right: 0px;\">8 - 13 &amp; 15 - 18 Uhr<\/td>\n<\/tr>\n<tr>\n<td>Mi.<\/td>\n<td style=\"border-right: 0px;\">8 - 14 &amp; 18 - 20 Uhr<\/td>\n<\/tr>\n<tr>\n<td>Do.<\/td>\n<td style=\"border-right: 0px;\">9 - 18 Uhr<\/td>\n<\/tr>\n<tr>\n<td style=\"border-bottom: 0px;\">Fr.<\/td>\n<td style=\"border-right: 0px; border-bottom: 0px;\">8 - 14 Uhr<\/td>\n<\/tr>\n<\/tbody>\n<\/table>\n<table style=\"max-width: 300px; border: 0px; border-collapse: collapse; float: left; margin: 20px;\" border=\"0\">\n<tbody>\n<tr>\n<td style=\"border: 0px;\"><strong>Adresse<\/strong><\/td>\n<\/tr>\n<tr>\n<td style=\"border: 0px;\">Thomas Schoen<br \/>\nTheeser Heide 2, 33739 Bielefeld<br \/>\nTel.: <a href=\"tel:+4952198852975\">+49 (0)521 98852975<\/a><br \/>\nFax: <a href=\"tel:+4952198856573\">+49 (0)521 98856573<\/a><br \/>\nE-Mail: <a href=\"mailto:info@physio-schoen.de\">info@physio-schoen.de<\/a><\/td>\n<\/tr>\n<\/tbody>\n<\/table>\n<\/div>\n<\/div><\/div><\/div><div id=\"pgc-6-4-2\"  class=\"panel-grid-cell panel-grid-cell-empty\" ><\/div><\/div><\/div>","protected":false},"excerpt":{"rendered":"<p>Manuelle Therapie (MT) Physiotherapie (KG) Klassische Massagetherapie (KMT) Manuelle Lymphdrainage (MLD) Craniomandibul\u00e4re Dysfunktion (CMD) Propriozeptive Neuromuskul\u00e4re Fazilitation (PNF) Neurophysiologische Behandlungstechnik nach Bobath f\u00fcr Erwachsene Krankengymnastik am Ger\u00e4t (KGG) Fasziendistorsionsmodell (FDM) W\u00e4rmeanwendung Fango\/Hei\u00dfluft Elektrotherapie (ET) Ultraschall (US) Schlingentisch Traktionsbehandlung Kinesio-Tape Hausbesuche<\/p>\n","protected":false},"author":1,"featured_media":0,"parent":0,"menu_order":0,"comment_status":"closed","ping_status":"closed","template":"","meta":{"footnotes":""},"class_list":["post-6","page","type-page","status-publish","hentry"],"_links":{"self":[{"href":"https:\/\/physio-schoen.de\/index.php?rest_route=\/wp\/v2\/pages\/6","targetHints":{"allow":["GET"]}}],"collection":[{"href":"https:\/\/physio-schoen.de\/index.php?rest_route=\/wp\/v2\/pages"}],"about":[{"href":"https:\/\/physio-schoen.de\/index.php?rest_route=\/wp\/v2\/types\/page"}],"author":[{"embeddable":true,"href":"https:\/\/physio-schoen.de\/index.php?rest_route=\/wp\/v2\/users\/1"}],"replies":[{"embeddable":true,"href":"https:\/\/physio-schoen.de\/index.php?rest_route=%2Fwp%2Fv2%2Fcomments&post=6"}],"version-history":[{"count":113,"href":"https:\/\/physio-schoen.de\/index.php?rest_route=\/wp\/v2\/pages\/6\/revisions"}],"predecessor-version":[{"id":265,"href":"https:\/\/physio-schoen.de\/index.php?rest_route=\/wp\/v2\/pages\/6\/revisions\/265"}],"wp:attachment":[{"href":"https:\/\/physio-schoen.de\/index.php?rest_route=%2Fwp%2Fv2%2Fmedia&parent=6"}],"curies":[{"name":"wp","href":"https:\/\/api.w.org\/{rel}","templated":true}]}}